{"id":5,"date":"2022-05-15T23:18:14","date_gmt":"2022-05-15T23:18:14","guid":{"rendered":"https:\/\/37.44.247.155:8090\/preview\/davidarty.com\/?page_id=5"},"modified":"2022-05-15T23:18:14","modified_gmt":"2022-05-15T23:18:14","slug":"homepage","status":"publish","type":"page","link":"https:\/\/davidarty.com\/","title":{"rendered":"Homepage"},"content":{"rendered":"\n<body class=\"loaded\" cz-shortcut-listen=\"true\">\n\n\n\n\n\n\n\n    <header id=\"main_head\" class=\"uk-width\">\n\n        <hgroup style=\"display:none\">\n\n            <h1 class=\"site-title\"><a href=\"https:\/\/www.davidarty.com\/\" title=\"David Arty \u2013 Designer\" rel=\"home\">David Arty \u2013 Designer<\/a><\/h1>\n\n            <h2 class=\"site-description\">Ideia, Conceito e Design \u2013 E com um pouco de imagina\u00e7\u00e3o, nossas possibilidades tornam-se ilimitadas.<\/h2>\n\n        <\/hgroup>\n\n\n\n        <section class=\"general uk-container-center\">\n\n            \n\n             <h1><a href=\"http:\/\/davidarty.com\"><span>David Arty<\/span><\/a><\/h1>\n\n            <nav id=\"site-navigation\" class=\"nav-bar\" role=\"navigation\">\n\n            \n\n                <ul class=\"nav-bar_content\">\n\n            <li>\n\n                <a href=\"#home\" class=\"scroll\" title=\"Voltar ao topo\">\n\n                    Topo\n\n                <\/a>\n\n            <\/li>\n\n              <li>\n\n                <a href=\"#about\" class=\"scroll\" title=\"Sobre\">\n\n                    Sobre\n\n                <\/a>\n\n            <\/li>\n\n            <li class=\"nav-responsible\" title=\"David Arty\">\n\n                 <select class=\"navegation_resp\" onchange=\"location.hash=this.options[this.selectedIndex].value;\">\n\n                    <option value=\"#home\" selected=\"selected\">Home<\/option>\n\n                    <option value=\"#about\" class=\"second_item\">Sobre<\/option>\n\n                    <option value=\"#services\" class=\"second_item\">Servi\u00e7os<\/option>\n\n                    <option value=\"#portfolio\" class=\"second_item\">Projetos<\/option>\n\n                    <option value=\"#contact\" class=\"second_item\">Contato<\/option>\n\n                    <option value=\"http:\/\/chiefofdesign.com.br\" class=\"second_item\">Blog<\/option>\n\n                <\/select>\n\n            <\/li>\n\n    \n\n              <li>\n\n                <a href=\"#services\" class=\"scroll\" title=\"Servi\u00e7os\">\n\n                    Servi\u00e7os\n\n                <\/a>\n\n            <\/li>\n\n            <li>\n\n               <a href=\"#portfolio\" class=\"scroll\" title=\"Projetos\">\n\n                    Projetos\n\n                <\/a>\n\n            <\/li>\n\n            \n\n              <li>\n\n                <a href=\"#contact\" class=\"scroll\" title=\"Contato\">\n\n                    Contato\n\n                <\/a>\n\n            <\/li>\n\n            \n\n             <li>\n\n                <a href=\"http:\/\/chiefofdesign.com.br\" title=\"Visite meu blog\">\n\n                    Blog\n\n                <\/a>\n\n            <\/li>\n\n        <\/ul>\n\n            <\/nav><!-- #site-navigation  -->\n\n        <\/section>\n\n    <\/header><!-- #masthead -->\n\t<div id=\"primary\" class=\"site-content\">\n\t\t<div id=\"content\" role=\"main\">\n\n\t\t\t\t\t\t\t\n\n\n\t<div id=\"post-103\" class=\"post-103 page type-page status-publish hentry\">\n\n\t\t<!--<header class=\"entry-header\">\n\n\t\t\t\/* if ( ! is_page_template( 'page-templates\/front-page.php' ) ) : ?>\n\n\t\t\tthe_post_thumbnail(); ?>\n\n\t\t\tendif; ?> *\/\n\n\t\t\t<h1 class=\"entry-title\"> the_title(); ?><\/h1>\n\n\t\t<\/header>-->\n\n\t\t\t<section id=\"home\" class=\" uk-width\">\n<div class=\"logo_big\"><img decoding=\"async\" src=\"https:\/\/www.davidarty.com\/wp-content\/themes\/davidarty\/images\/david-arty-icon.png\"><\/div>\n<h1 class=\"title\">Ideia, conceito e design <span>E com um pouco de imagina\u00e7\u00e3o, nossas possibilidades tornam-se ilimitadas<\/span><\/h1>\n<p><a href=\"#about\" class=\"look\">confira<span class=\"uk-icon-angle-down\"><\/span><\/a><\/p><\/section>\n<section id=\"about\" class=\"general uk-container-center\">\n<article class=\"uk-width-1-1\"><img decoding=\"async\" class=\"picture_profile\" src=\"https:\/\/www.davidarty.com\/wp-content\/themes\/davidarty\/images\/david-arty-picture.png\" alt=\"Foto do David Arty\" title=\"David Arty\"><p><\/p>\n<h1>Ol\u00e1, meu nome \u00e9 <span>David Arty<\/span>, sou <span>Designer de Interfaces<\/span> , natural de S\u00e3o Paulo, Brasil<\/h1>\n<p>Trabalho com design, principalmente digital, desde 2009.<br>Adoro transformar ideias loucas e complexas em pe\u00e7as simples, atrativas e funcionais.<br>Tamb\u00e9m gosto da parte de c\u00f3digos e zelo por um c\u00f3digo limpo, eficiente e sem\u00e2ntico.<br>Se quiser ver meu curr\u00edculo clique no link (CV) abaixo. <\/p>\n<p class=\"cv\"><a href=\"\/arquivos\/cv-davidarty.pdf\" class=\"uk-border-circle\">CV<\/a><span class=\"hide\">download<\/span><\/p>\n<p> Ah\u2026 E tamb\u00e9m sou o fundador do blog <a href=\"http:\/\/chiefofdesign.com.br\/\" class=\"links\">Chief of Design<\/a>. <br>L\u00e1 eu escrevo sobre design e desenvolvimento web.<\/p>\n<p> Follow me: <\/p>\n<div class=\"wrap_social\">\n<ul class=\"social_about\">\n<li class=\"item-social\"><a href=\"https:\/\/dribbble.com\/DavidArty\" aria-hidden=\"true\" class=\"uk-icon-dribbble\" title=\"dribbble\"><span class=\"txt-social\">dribbble<\/span><\/a><\/li>\n<li class=\"item-social\"><a href=\"https:\/\/br.linkedin.com\/in\/davidarty\" aria-hidden=\"true\" class=\"uk-icon-linkedin\" title=\"linkedin\"><span class=\"txt-social\">linkedin<\/span><\/a><\/li>\n<li class=\"item-social\"><a href=\"https:\/\/instagram.com\/davidarty07\" aria-hidden=\"true\" class=\"uk-icon-instagram\" title=\"instagram\"><span class=\"txt-social\">instagram<\/span><\/a><\/li>\n<li class=\"item-social btn-320 no_left\"><a href=\"https:\/\/www.facebook.com\/david.diarty\" aria-hidden=\"true\" class=\"uk-icon-facebook\" title=\"facebook\"><span class=\"txt-social\">facebook<\/span><\/a><\/li>\n<li class=\"item-social btn-320\"><a href=\"https:\/\/plus.google.com\/+DavidArty\/\" aria-hidden=\"true\" class=\"uk-icon-google-plus\" title=\"google plus\" rel=\"author\"><span class=\"txt-social\">google plus<\/span><\/a><\/li>\n<li class=\"item-social btn-320\"><a href=\"https:\/\/www.flickr.com\/photos\/davidarty\/\" aria-hidden=\"true\" class=\"uk-icon-flickr \" title=\"flickr\"><span class=\"txt-social\">flickr<\/span><\/a><\/li>\n<\/ul>\n<\/div>\n<p>At\u00e9 mais \ud83d\ude00<\/p>\n<\/article>\n<\/section>\n<div class=\"wrap_full\">\n<section class=\"eyes\">\n<h3 class=\"title eyer uk-scrollspy-init-inview uk-scrollspy-inview uk-animation-fade\" data-uk-scrollspy=\"{cls:'uk-animation-fade', delay:100}\">\u201cFa\u00e7a aquilo que voc\u00ea ama<br>Ame aquilo que voc\u00ea faz\u201d<\/h3>\n<\/section>\n<section id=\"services\" class=\"general uk-container-center\">\n<h2 class=\"title\">Servi\u00e7os<span> estrat\u00e9gia, concep\u00e7\u00e3o e desenvolvimento para alcan\u00e7armos solu\u00e7\u00f5es eficazes <\/span><\/h2>\n<ul class=\"works\">\n<li class=\"work_item uk-width-1-1 uk-scrollspy-init-inview uk-scrollspy-inview uk-animation-slide-top\" data-uk-scrollspy=\"{cls:'uk-animation-slide-top',delay:600}\"><span class=\"work_icon flaticon-responsive12 uk-border-circle\"><\/span>\n<div class=\"work_info\">\n<h3 class=\"name02\">Web Design<\/h3>\n<p class=\"description\"> Planejamento, cria\u00e7\u00e3o, diagrama\u00e7\u00e3o de layouts web com foco em padr\u00f5es web, usabilidade, acessibilidade. Implementa\u00e7\u00e3o Front-End (HTML, CSS, WordPress) <\/p>\n<\/div>\n<\/li>\n<li class=\"work_item uk-width-1-3 uk-scrollspy-init-inview uk-scrollspy-inview uk-animation-slide-left\" data-uk-scrollspy=\"{cls:'uk-animation-slide-left',delay:700}\"><span class=\"work_icon flaticon-compass uk-border-circle\"><\/span>\n<div class=\"work_info\">\n<h3 class=\"name02\">Planejamento e Estrat\u00e9gia<\/h3>\n<p class=\"description\">Arquitetura da informa\u00e7\u00e3o, gest\u00e3o de comunica\u00e7\u00e3o, alavancagem, integra\u00e7\u00e3o de m\u00eddias sociais, consultoria <\/p>\n<\/div>\n<\/li>\n<li class=\"work_item uk-width-1-3 right uk-scrollspy-init-inview uk-scrollspy-inview uk-animation-slide-right\" data-uk-scrollspy=\"{cls:'uk-animation-slide-right',delay:700}\"><span class=\"work_icon flaticon-draw uk-border-circle\"><\/span>\n<div class=\"work_info\">\n<h3 class=\"name02\">Design Gr\u00e1fico<\/h3>\n<p class=\"description\">Branding \/ Logo , sinaliza\u00e7\u00e3o, infogr\u00e1ficos, propaganda, pe\u00e7as gr\u00e1ficas <\/p>\n<\/div>\n<\/li>\n<\/ul>\n<\/section>\n<section class=\"eyes\">\n<h3 class=\"title eyer uk-scrollspy-init-inview uk-scrollspy-inview uk-animation-fade\" data-uk-scrollspy=\"{cls:'uk-animation-fade', delay:100}\">\u201c\u00c9 fazendo que se aprende <br>a fazer aquilo que <br>se deve aprender a fazer\u201d<\/h3>\n<\/section>\n<section id=\"portfolio\" class=\"general uk-container-center\">\n<h2 class=\"title\">Projetos <span>fazer coisas diferentes para alcan\u00e7ar resultados diferentes. <\/span><\/h2>\n<ul class=\"projects uk-width uk-scrollspy-init-inview uk-scrollspy-inview uk-animation-scale-up\" data-uk-scrollspy=\"{cls:'uk-animation-scale-up', delay:600}\">\n<li class=\"project-item uk-width-1-3\" data-uk-grid-margin=\"\"><a class=\"wrap_info\" href=\"https:\/\/www.davidarty.com\/cvc-viagens\/\"><img decoding=\"async\" src=\"https:\/\/www.davidarty.com\/wp-content\/themes\/davidarty\/images\/thumbs\/cvc-thumbs.png\" class=\"uk-border-circle\" alt=\"\">\n<div class=\"container_info uk-border-circle\">\n<div class=\"info_cf\">\n<h3 class=\"name01\">CVC Viagens<\/h3>\n<p><span class=\"view\" title=\"ver projeto\">Ver Projeto <\/span><\/p><\/div>\n<\/div>\n<\/a><p class=\"uk-grid-margin\"><a class=\"wrap_info\" href=\"https:\/\/www.davidarty.com\/cvc-viagens\/\"><\/a><\/p>\n<div class=\"project_info uk-grid-margin\">\n<h3 class=\"name02\">CVC Viagens<\/h3>\n<p class=\"date\"> 2012<\/p>\n<\/div>\n<\/li>\n<li class=\"project-item uk-width-1-3\" data-uk-grid-margin=\"\"><a class=\"wrap_info\" href=\"https:\/\/www.davidarty.com\/viajanet\/\"><img decoding=\"async\" src=\"https:\/\/www.davidarty.com\/wp-content\/themes\/davidarty\/images\/thumbs\/viajanet-thumbs.png\" class=\"uk-border-circle\" alt=\"\">\n<div class=\"container_info uk-border-circle\">\n<div class=\"info_cf\">\n<h3 class=\"name01\">Viajanet<\/h3>\n<p><span class=\"view\" title=\"ver projeto\">Ver Projeto <\/span><\/p><\/div>\n<\/div>\n<\/a><p class=\"uk-grid-margin\"><a class=\"wrap_info\" href=\"https:\/\/www.davidarty.com\/viajanet\/\"><\/a><\/p>\n<div class=\"project_info uk-grid-margin\">\n<h3 class=\"name02\">Viajanet<\/h3>\n<p class=\"date\"> 2012\/2013<\/p>\n<\/div>\n<\/li>\n<li class=\"project-item uk-width-1-3\" data-uk-grid-margin=\"\"><a class=\"wrap_info\" href=\"https:\/\/www.davidarty.com\/super-bonus-santander\/\"><img decoding=\"async\" src=\"https:\/\/www.davidarty.com\/wp-content\/themes\/davidarty\/images\/thumbs\/sb-thumbs.png\" class=\"uk-border-circle\" alt=\"\">\n<div class=\"container_info uk-border-circle\">\n<div class=\"info_cf\">\n<h3 class=\"name01\">Super B\u00f4nus Santander<\/h3>\n<p><span class=\"view\" title=\"ver projeto\">Ver Projeto <\/span><\/p><\/div>\n<\/div>\n<\/a><p class=\"uk-grid-margin\"><a class=\"wrap_info\" href=\"https:\/\/www.davidarty.com\/super-bonus-santander\/\"><\/a><\/p>\n<div class=\"project_info uk-grid-margin\">\n<h3 class=\"name02\">Super B\u00f4nus Santander<\/h3>\n<p class=\"date\">2012\/2013<\/p>\n<\/div>\n<\/li>\n<li class=\"project-item uk-width-1-3\" data-uk-grid-margin=\"\"><a class=\"wrap_info\" href=\"https:\/\/www.davidarty.com\/mmn\/\"><img decoding=\"async\" src=\"https:\/\/www.davidarty.com\/wp-content\/themes\/davidarty\/images\/thumbs\/mmn-thumbs.png\" class=\"uk-border-circle\" alt=\"\">\n<div class=\"container_info uk-border-circle\">\n<div class=\"info_cf\">\n<h3 class=\"name01\">MMN<\/h3>\n<p><span class=\"view\" title=\"ver projeto\">Ver Projeto <\/span><\/p><\/div>\n<\/div>\n<\/a><p class=\"uk-grid-margin\"><a class=\"wrap_info\" href=\"https:\/\/www.davidarty.com\/mmn\/\"><\/a><\/p>\n<div class=\"project_info uk-grid-margin\">\n<h3 class=\"name02\">MMN<\/h3>\n<p class=\"date\"> 2013<\/p>\n<\/div>\n<\/li>\n<li class=\"project-item uk-width-1-3\" data-uk-grid-margin=\"\"><a class=\"wrap_info\" href=\"https:\/\/www.davidarty.com\/sta-vertical\/\"><img decoding=\"async\" src=\"https:\/\/www.davidarty.com\/wp-content\/themes\/davidarty\/images\/thumbs\/sta-thumbs.png\" class=\"uk-border-circle\" alt=\"\">\n<div class=\"container_info uk-border-circle\">\n<div class=\"info_cf\">\n<h3 class=\"name01\">STA Vertical<\/h3>\n<p><span class=\"view\" title=\"ver projeto\">Ver Projeto <\/span><\/p><\/div>\n<\/div>\n<\/a><p class=\"uk-grid-margin\"><a class=\"wrap_info\" href=\"https:\/\/www.davidarty.com\/sta-vertical\/\"><\/a><\/p>\n<div class=\"project_info uk-grid-margin\">\n<h3 class=\"name02\">STA Vertical<\/h3>\n<p class=\"date\"> 2011<\/p>\n<\/div>\n<\/li>\n<li class=\"project-item uk-width-1-3\" data-uk-grid-margin=\"\"><a class=\"wrap_info\" href=\"https:\/\/www.davidarty.com\/partiu-viagens\/\"><img decoding=\"async\" src=\"https:\/\/www.davidarty.com\/wp-content\/themes\/davidarty\/images\/thumbs\/partiu-viagens-thumbs.png\" class=\"uk-border-circle\" alt=\"\">\n<div class=\"container_info uk-border-circle\">\n<div class=\"info_cf\">\n<h3 class=\"name01\">Partiu Viagens<\/h3>\n<p><span class=\"view\" title=\"ver projeto\">Ver Projeto <\/span><\/p><\/div>\n<\/div>\n<\/a><p class=\"uk-grid-margin\"><a class=\"wrap_info\" href=\"https:\/\/www.davidarty.com\/partiu-viagens\/\"><\/a><\/p>\n<div class=\"project_info uk-grid-margin\">\n<h3 class=\"name02\">Partiu Viagens<\/h3>\n<p class=\"date\"> 2012<\/p>\n<\/div>\n<\/li>\n<li class=\"project-item uk-width-1-3\" data-uk-grid-margin=\"\"><a class=\"wrap_info\" href=\"https:\/\/www.davidarty.com\/virtual-paper\/\"><img decoding=\"async\" src=\"https:\/\/www.davidarty.com\/wp-content\/themes\/davidarty\/images\/thumbs\/virtual-paper-thumbs.png\" class=\"uk-border-circle\" alt=\"\">\n<div class=\"container_info uk-border-circle\">\n<div class=\"info_cf\">\n<h3 class=\"name01\">Virtual Paper <\/h3>\n<p><span class=\"view\" title=\"ver projeto\">Ver Projeto <\/span><\/p><\/div>\n<\/div>\n<\/a><p class=\"uk-grid-margin\"><a class=\"wrap_info\" href=\"https:\/\/www.davidarty.com\/virtual-paper\/\"><\/a><\/p>\n<div class=\"project_info uk-width-1-1 uk-grid-margin\">\n<h3 class=\"name02\">Paper Virtual<\/h3>\n<p class=\"date\"> 2011<\/p>\n<\/div>\n<\/li>\n<li class=\"project-item uk-width-1-3\" data-uk-grid-margin=\"\"><a class=\"wrap_info\" href=\"https:\/\/www.davidarty.com\/viagem-listo\/\"><img decoding=\"async\" src=\"https:\/\/www.davidarty.com\/wp-content\/themes\/davidarty\/images\/thumbs\/viagem-listo-thumbs.png\" class=\"uk-border-circle\" alt=\"\">\n<div class=\"container_info uk-border-circle\">\n<div class=\"info_cf\">\n<h3 class=\"name01\">Viagem Listo<\/h3>\n<p><span class=\"view\" title=\"ver projeto\">Ver Projeto <\/span><\/p><\/div>\n<\/div>\n<\/a><p class=\"uk-grid-margin\"><a class=\"wrap_info\" href=\"https:\/\/www.davidarty.com\/viagem-listo\/\"><\/a><\/p>\n<div class=\"project_info uk-grid-margin\">\n<h3 class=\"name02\">Viagem Listo<\/h3>\n<p class=\"date\"> 2012\/2013<\/p>\n<\/div>\n<\/li>\n<li class=\"project-item uk-width-1-3\" data-uk-grid-margin=\"\"><a class=\"wrap_info\" href=\"https:\/\/www.davidarty.com\/corpo-seco\/\"><img decoding=\"async\" src=\"https:\/\/www.davidarty.com\/wp-content\/themes\/davidarty\/images\/thumbs\/corpo-seco-thumbs.png\" class=\"uk-border-circle\" alt=\"\">\n<div class=\"container_info uk-border-circle\">\n<div class=\"info_cf\">\n<h3 class=\"name01\">Corpo Seco \u2013 Game<\/h3>\n<p><span class=\"view\" title=\"ver projeto\">Ver Projeto <\/span><\/p><\/div>\n<\/div>\n<\/a><p class=\"uk-grid-margin\"><a class=\"wrap_info\" href=\"https:\/\/www.davidarty.com\/corpo-seco\/\"><\/a><\/p>\n<div class=\"project_info uk-grid-margin\">\n<h3 class=\"name02\">Corpo Seco \u2013 Game<\/h3>\n<p class=\"date\"> 2010<\/p>\n<\/div>\n<\/li>\n<\/ul>\n<\/section>\n<section class=\"eyes\">\n<h3 class=\"title eyer uk-scrollspy-init-inview uk-scrollspy-inview uk-animation-fade\" data-uk-scrollspy=\"{cls:'uk-animation-fade', delay:100}\">\u201cCom organiza\u00e7\u00e3o e tempo, <br>acha-se o segredo de fazer <br>tudo e bem feito\u201d<\/h3>\n<\/section>\n<section id=\"contact\" class=\"general uk-container-center\">\n<h3 class=\"title\">Vamos Bater um papo?<\/h3>\n<p class=\"contact_text\">Fique a vontade para falar comigo atrav\u00e9s do e-mail <strong class=\"email\">contato@www.davidarty.com<\/strong> ou usando o fomul\u00e1rio abaixo. <br>Responderei assim que puder!<\/p>\n<p class=\"contact_text\">Obrigado pela visita<\/p>\n<p><\/p><div role=\"form\" class=\"wpcf7\" id=\"wpcf7-f4-p103-o1\" dir=\"ltr\" lang=\"pt-BR\">\n<div class=\"screen-reader-response\"><\/div>\n<form action=\"\/#wpcf7-f4-p103-o1\" method=\"post\" class=\"wpcf7-form\" novalidate=\"novalidate\">\n<div style=\"display: none;\">\n<input type=\"hidden\" name=\"_wpcf7\" value=\"4\">\n<input type=\"hidden\" name=\"_wpcf7_version\" value=\"4.6.1\">\n<input type=\"hidden\" name=\"_wpcf7_locale\" value=\"pt_BR\">\n<input type=\"hidden\" name=\"_wpcf7_unit_tag\" value=\"wpcf7-f4-p103-o1\">\n<input type=\"hidden\" name=\"_wpnonce\" value=\"01950f328f\">\n<\/div>\n<p class=\"container-put\">Seu nome (obrigat\u00f3rio)<br>\n    <span class=\"wpcf7-form-control-wrap your-name\"><input type=\"text\" name=\"your-name\" value=\"\" size=\"40\" class=\"wpcf7-form-control wpcf7-text wpcf7-validates-as-required\" aria-required=\"true\" aria-invalid=\"false\"><\/span> <\/p>\n<p class=\"container-put\">Seu e-mail (obrigat\u00f3rio)<br>\n    <span class=\"wpcf7-form-control-wrap your-email\"><input type=\"email\" name=\"your-email\" value=\"\" size=\"40\" class=\"wpcf7-form-control wpcf7-text wpcf7-email wpcf7-validates-as-required wpcf7-validates-as-email\" aria-required=\"true\" aria-invalid=\"false\"><\/span> <\/p>\n<p class=\"container-put\">Assunto<br>\n    <span class=\"wpcf7-form-control-wrap your-subject\"><input type=\"text\" name=\"your-subject\" value=\"\" size=\"40\" class=\"wpcf7-form-control wpcf7-text\" aria-invalid=\"false\"><\/span> <\/p>\n<p class=\"container-put\">Sua mensagem<br>\n    <span class=\"wpcf7-form-control-wrap your-message\"><textarea name=\"your-message\" cols=\"40\" rows=\"10\" class=\"wpcf7-form-control wpcf7-textarea\" aria-invalid=\"false\"><\/textarea><\/span> <\/p>\n<p class=\"container-put\"><input type=\"submit\" value=\"Enviar\" class=\"wpcf7-form-control wpcf7-submit\"><span class=\"ajax-loader\"><\/span><\/p>\n<div class=\"wpcf7-response-output wpcf7-display-none\"><\/div><\/form><\/div> <\/section>\n<\/div>\n\n\n\t\t\t\n\t<\/div><!-- #post -->\n\n\t\t\t\t\n<div id=\"comments\" class=\"comments-area\">\n\n\t\n\t\n\t\n<\/div><!-- #comments .comments-area -->\t\t\t\n\t\t<\/div><!-- #content -->\n\t<\/div><!-- #primary -->\n\n\n\t\n\t<footer id=\"colophon\" role=\"contentinfo\" class=\"main_footer uk-width\">\n\t\t\n\t\t\t\n\t\t\t<address class=\"general uk-container-center\">\n\t\t\t\t\n\t\t   \t\t<ul class=\"social_footer  data-uk-margin\">\n    \n\t\t            <li class=\"item-social dribbble uk-border-circle\">\n\t\t                <a href=\"https:\/\/dribbble.com\/DavidArty\" aria-hidden=\"true\" class=\"uk-icon-dribbble\" title=\"dribbble\">\n\t\t                    <span class=\"txt-social\">dribbble<\/span>\n\t\t                <\/a>\n\t\t            <\/li>\n\t\t            \n\t\t            <li class=\"item-social linkedin uk-border-circle\">\n\t\t                <a href=\"https:\/\/br.linkedin.com\/in\/davidarty\" aria-hidden=\"true\" class=\"uk-icon-linkedin\" title=\"linkedin\">\n\t\t                    <span class=\"txt-social\">linkedin<\/span>\n\t\t                <\/a>\n\t\t            <\/li>\n\t\t            \n\t\t            <li class=\"item-social instagram uk-border-circle\">\n\t\t                <a href=\"https:\/\/instagram.com\/davidarty07\" aria-hidden=\"true\" class=\"uk-icon-instagram\" title=\"instagram\">\n\t\t                    <span class=\"txt-social\">instagram<\/span>\n\t\t                <\/a>\n\t\t            <\/li>\n\t\t            \n\t\t             <li class=\"item-social facebook uk-border-circle\">\n\t\t                <a href=\"https:\/\/www.facebook.com\/david.diarty\" aria-hidden=\"true\" class=\"uk-icon-facebook\" title=\"facebook\">\n\t\t                    <span class=\"txt-social\">facebook<\/span>\n\t\t                <\/a>\n\t\t            <\/li>\n\t\t            \n\t\t            <li class=\"item-social gplus uk-border-circle\">\n\t\t                <a href=\"https:\/\/plus.google.com\/+DavidArty\/\" aria-hidden=\"true\" class=\"uk-icon-google-plus\" title=\"google plus\">\n\t\t                    <span class=\"txt-social\">google plus<\/span>\n\t\t                <\/a>\n\t\t            <\/li>\n\t\t            \n\t\t                  <li class=\"item-social flickr uk-border-circle\">\n\t\t                <a href=\"https:\/\/www.flickr.com\/photos\/davidarty\/\" aria-hidden=\"true\" class=\"uk-icon-flickr \" title=\"flickr\">\n\t\t                    <span class=\"txt-social\">flickr<\/span>\n\t\t                <\/a>\n\t\t            <\/li>\n\t\t        <\/ul>\n\t\t    <\/address>\n\n\t\t<address class=\"info-copy uk-width\">\n\t    \t<p> \u00a9 David Arty <\/p>\n\t    <\/address>\n\t<\/footer><!-- #coloph4 on -->\n\t <script src=\"https:\/\/code.jquery.com\/jquery-latest.min.js\"><\/script>\n    <script src=\"https:\/\/davidarty.com\/wp-content\/themes\/davidarty\/js\/uikit.min.js\"><\/script>\n    <script src=\"https:\/\/davidarty.com\/wp-content\/themes\/davidarty\/js\/general.js\"><\/script>\n<script type=\"text\/javascript\" src=\"https:\/\/www.davidarty.com\/wp-content\/plugins\/contact-form-7\/includes\/js\/jquery.form.min.js?ver=3.51.0-2014.06.20\"><\/script>\n<script type=\"text\/javascript\">\n\/* <![CDATA[ *\/\nvar _wpcf7 = {\"recaptcha\":{\"messages\":{\"empty\":\"Por favor, verifique se voc\\u00ea n\\u00e3o \\u00e9 um rob\\u00f4.\"}},\"cached\":\"1\"};\n\/* ]]> *\/\n<\/script>\n<script type=\"text\/javascript\" src=\"https:\/\/www.davidarty.com\/wp-content\/plugins\/contact-form-7\/includes\/js\/scripts.js?ver=4.6.1\"><\/script>\n<script type=\"text\/javascript\" src=\"https:\/\/www.davidarty.com\/wp-content\/themes\/twentytwelve\/js\/navigation.js?ver=20140711\"><\/script>\n<script type=\"text\/javascript\" src=\"https:\/\/www.davidarty.com\/wp-includes\/js\/wp-embed.min.js?ver=4.9.20\"><\/script>\n<script>\n  (function(i,s,o,g,r,a,m){i['GoogleAnalyticsObject']=r;i[r]=i[r]||function(){\n  (i[r].q=i[r].q||[]).push(arguments)},i[r].l=1*new Date();a=s.createElement(o),\n  m=s.getElementsByTagName(o)[0];a.async=1;a.src=g;m.parentNode.insertBefore(a,m)\n  })(window,document,'script','\/\/www.google-analytics.com\/analytics.js','ga');\n\n  ga('create', 'UA-38744650-1', 'davidarty.com');\n  ga('send', 'pageview');\n\n<\/script>\n\n\n<div class=\"uk-tooltip\"><\/div><\/body>\n","protected":false},"excerpt":{"rendered":"<p>David Arty \u2013 Designer Ideia, Conceito e Design \u2013 E com um pouco de imagina\u00e7\u00e3o, nossas possibilidades tornam-se ilimitadas. David Arty Topo Sobre HomeSobreServi\u00e7osProjetosContatoBlog Servi\u00e7os Projetos Contato Blog Ideia, conceito e design E com um pouco de imagina\u00e7\u00e3o, nossas possibilidades tornam-se ilimitadas confira Ol\u00e1, meu nome \u00e9 David Arty, sou Designer de Interfaces , natural [&hellip;]<\/p>\n","protected":false},"author":1,"featured_media":0,"parent":0,"menu_order":0,"comment_status":"closed","ping_status":"closed","template":"","meta":{"footnotes":""},"class_list":["post-5","page","type-page","status-publish","hentry"],"_links":{"self":[{"href":"https:\/\/davidarty.com\/wp-json\/wp\/v2\/pages\/5","targetHints":{"allow":["GET"]}}],"collection":[{"href":"https:\/\/davidarty.com\/wp-json\/wp\/v2\/pages"}],"about":[{"href":"https:\/\/davidarty.com\/wp-json\/wp\/v2\/types\/page"}],"author":[{"embeddable":true,"href":"https:\/\/davidarty.com\/wp-json\/wp\/v2\/users\/1"}],"replies":[{"embeddable":true,"href":"https:\/\/davidarty.com\/wp-json\/wp\/v2\/comments?post=5"}],"version-history":[{"count":1,"href":"https:\/\/davidarty.com\/wp-json\/wp\/v2\/pages\/5\/revisions"}],"predecessor-version":[{"id":7,"href":"https:\/\/davidarty.com\/wp-json\/wp\/v2\/pages\/5\/revisions\/7"}],"wp:attachment":[{"href":"https:\/\/davidarty.com\/wp-json\/wp\/v2\/media?parent=5"}],"curies":[{"name":"wp","href":"https:\/\/api.w.org\/{rel}","templated":true}]}}